{"id":198,"date":"2026-02-06T09:58:43","date_gmt":"2026-02-06T08:58:43","guid":{"rendered":"http:\/\/europrojekt.org.pl\/?page_id=198"},"modified":"2026-02-06T15:18:06","modified_gmt":"2026-02-06T14:18:06","slug":"otworz-drzwi-do-kariery","status":"publish","type":"page","link":"https:\/\/europrojekt.org.pl\/?page_id=198","title":{"rendered":"Otw\u00f3rz drzwi do kariery"},"content":{"rendered":"\t\t<div data-elementor-type=\"wp-page\" data-elementor-id=\"198\" class=\"elementor elementor-198\" data-elementor-settings=\"{&quot;ha_cmc_init_switcher&quot;:&quot;no&quot;}\">\n\t\t\t\t<div class=\"elementor-element elementor-element-a99cac1 e-flex e-con-boxed jltma-glass-effect-no wpr-particle-no wpr-jarallax-no wpr-parallax-no wpr-sticky-section-no e-con e-parent\" data-id=\"a99cac1\" data-element_type=\"container\" data-e-type=\"container\" data-settings=\"{&quot;_ha_eqh_enable&quot;:false}\">\n\t\t\t\t\t<div class=\"e-con-inner\">\n\t\t\t\t<div class=\"elementor-element elementor-element-f8b7263 jltma-glass-effect-no elementor-widget elementor-widget-text-editor\" data-id=\"f8b7263\" data-element_type=\"widget\" data-e-type=\"widget\" data-widget_type=\"text-editor.default\">\n\t\t\t\t\t\t\t\t\t<h4>Wi\u0119cej informacje na temat Projektu oraz aktualno\u015bci wraz z za\u0142\u0105cznikami po klikni\u0119ciu w przycisk \u2193<\/h4>\t\t\t\t\t\t\t\t<\/div>\n\t\t\t\t\t<\/div>\n\t\t\t\t<\/div>\n\t\t<div class=\"elementor-element elementor-element-6fac8f5 e-flex e-con-boxed jltma-glass-effect-no wpr-particle-no wpr-jarallax-no wpr-parallax-no wpr-sticky-section-no e-con e-parent\" data-id=\"6fac8f5\" data-element_type=\"container\" data-e-type=\"container\" data-settings=\"{&quot;_ha_eqh_enable&quot;:false}\">\n\t\t\t\t\t<div class=\"e-con-inner\">\n\t\t\t\t<div class=\"elementor-element elementor-element-b30f283 wpr-button-icon-style-inline wpr-button-icon-position-right jltma-glass-effect-no elementor-widget elementor-widget-wpr-button\" data-id=\"b30f283\" data-element_type=\"widget\" data-e-type=\"widget\" data-widget_type=\"wpr-button.default\">\n\t\t\t\t\t\t\n\t\t\t\n\t\t\n\t\t<div class=\"wpr-button-wrap elementor-clearfix\">\n\t\t<a class=\"wpr-button wpr-button-effect elementor-animation-grow\" data-text=\"\" href=\"https:\/\/www.greenhouse.edu.pl\/otworz-drzwi-do-kariery\/\">\n\t\t\t\n\t\t\t<span class=\"wpr-button-content\">\n\t\t\t\t\t\t\t\t\t<span class=\"wpr-button-text\">Przejdz na stron\u0119 Beneficjenta<\/span>\n\t\t\t\t\t\t\t\t\n\t\t\t\t\t\t\t\t\t<span class=\"wpr-button-icon\"><i class=\"fas fa-angle-right\"><\/i><\/span>\n\t\t\t\t\t\t\t<\/span>\n\t\t<\/a>\n\n\t\t\t\t<\/div>\n\t\n\t\n\t\t\t\t\t<\/div>\n\t\t\t\t\t<\/div>\n\t\t\t\t<\/div>\n\t\t<div class=\"elementor-element elementor-element-e61b492 e-flex e-con-boxed jltma-glass-effect-no wpr-particle-no wpr-jarallax-no wpr-parallax-no wpr-sticky-section-no e-con e-parent\" data-id=\"e61b492\" data-element_type=\"container\" data-e-type=\"container\" data-settings=\"{&quot;_ha_eqh_enable&quot;:false}\">\n\t\t\t\t\t<div class=\"e-con-inner\">\n\t\t\t\t<div class=\"elementor-element elementor-element-a379d34 jltma-glass-effect-no elementor-widget elementor-widget-image\" data-id=\"a379d34\" data-element_type=\"widget\" data-e-type=\"widget\" data-widget_type=\"image.default\">\n\t\t\t\t\t\t\t\t\t\t\t\t\t\t\t<img fetchpriority=\"high\" decoding=\"async\" width=\"1024\" height=\"105\" src=\"https:\/\/europrojekt.org.pl\/wp-content\/uploads\/2026\/02\/Zestawienie-FERPUEHERB-3-1-1024x105.png\" class=\"attachment-large size-large wp-image-199\" alt=\"\" srcset=\"https:\/\/europrojekt.org.pl\/wp-content\/uploads\/2026\/02\/Zestawienie-FERPUEHERB-3-1-1024x105.png 1024w, https:\/\/europrojekt.org.pl\/wp-content\/uploads\/2026\/02\/Zestawienie-FERPUEHERB-3-1-300x31.png 300w, https:\/\/europrojekt.org.pl\/wp-content\/uploads\/2026\/02\/Zestawienie-FERPUEHERB-3-1-768x79.png 768w, https:\/\/europrojekt.org.pl\/wp-content\/uploads\/2026\/02\/Zestawienie-FERPUEHERB-3-1-1536x157.png 1536w, https:\/\/europrojekt.org.pl\/wp-content\/uploads\/2026\/02\/Zestawienie-FERPUEHERB-3-1-2048x209.png 2048w\" sizes=\"(max-width: 1024px) 100vw, 1024px\" \/>\t\t\t\t\t\t\t\t\t\t\t\t\t\t\t<\/div>\n\t\t\t\t\t<\/div>\n\t\t\t\t<\/div>\n\t\t<div class=\"elementor-element elementor-element-4abee0be e-flex e-con-boxed jltma-glass-effect-no wpr-particle-no wpr-jarallax-no wpr-parallax-no wpr-sticky-section-no e-con e-parent\" data-id=\"4abee0be\" data-element_type=\"container\" data-e-type=\"container\" data-settings=\"{&quot;_ha_eqh_enable&quot;:false}\">\n\t\t\t\t\t<div class=\"e-con-inner\">\n\t\t\t\t<div class=\"elementor-element elementor-element-1cd5d9d1 jltma-glass-effect-no elementor-widget elementor-widget-text-editor\" data-id=\"1cd5d9d1\" data-element_type=\"widget\" data-e-type=\"widget\" data-widget_type=\"text-editor.default\">\n\t\t\t\t\t\t\t\t\t<p>Stowarzyszenie Green House wraz z Partnerem Projektu EURO PROJEKT DANIEL PERLI\u0143SKI z przyjemno\u015bci\u0105 informuj\u0105, \u017ce rozpocz\u0105\u0142 si\u0119 nab\u00f3r do nowego Projektu pn.: \u201eOtw\u00f3rz drzwi do kariery\u201d, nr: FEWP.06.10-IP.01-0069\/25.<\/p>\n<p><!-- \/wp:paragraph --><!-- wp:paragraph --><\/p>\n<p><strong>Informacje o projekcie:<\/strong><\/p>\n<p><!-- \/wp:paragraph --><!-- wp:paragraph --><\/p>\n<p>Tytu\u0142 projektu:\u00a0<b>\u201eOtw\u00f3rz drzwi do kariery\u201d,<br \/><\/b>Projekt realizowany jest w ramach programu Fundusze Europejskie dla Wielkopolski 2021-2027.<br \/><strong>Priorytet 6:<\/strong>\u00a0Fundusze europejskie dla Wielkopolski o silniejszym wymiarze spo\u0142ecznym (EFS+)<br \/><strong>Dzia\u0142anie 6.10:\u00a0<\/strong>Aktywna integracja<\/p>\n<p><!-- \/wp:paragraph --><!-- wp:paragraph --><\/p>\n<p><strong>Projekt skierowany jest 192 [116K\/76M] os\u00f3b doros\u0142ych, zagro\u017conych ub\u00f3stwem lub wykluczeniem spo\u0142ecznym, bez pracy: 116 [ 70K\/46M] biernych zawodowo i 76 [46K\/30M] bezrobotnych, w tym minimum 20 [12K\/18M] os\u00f3b z niepe\u0142nosprawno\u015bciami, zamieszkuj\u0105cych w rozumieniu Kodeksu Cywilnego w wojew\u00f3dztwie wielkopolskim.<\/strong><\/p>\n<p><!-- \/wp:paragraph --><!-- wp:paragraph --><\/p>\n<p><strong>G\u0142\u00f3wnymi celem projektu jest zwi\u0119kszenie zdolno\u015bci do zatrudnienia i aktywnego udzia\u0142u w \u017cyciu spo\u0142eczno-zawodowym 192 os\u00f3b doros\u0142ych, zagro\u017conych ub\u00f3stwem\/ wykluczeniem spo\u0142ecznym, pozostaj\u0105cych bez pracy, zamieszkuj\u0105cych wed\u0142ug Kodeksu Cywilnego w Wielkopolsce poprzez realizacj\u0119 zindywidualizowanego i kompleksowego wsparcia aktywizacji spo\u0142eczno-zawodowej.<\/strong><\/p>\n<p><!-- \/wp:paragraph --><!-- wp:paragraph --><\/p>\n<p>Realizowane w ramach projektu wsparcie pozwoli Uczestnikom\/czk\u0105:<br \/>*rozwi\u0105za\u0107 problemy utrudniaj\u0105ce lub uniemo\u017cliwiaj\u0105ce aktywny udzia\u0142 w \u017cyciu spo\u0142ecznym i podj\u0119cie pracy;<br \/>*naby\u0107\/dostosowa\u0107 posiadane kompetencje\/kwalifikacje do potrzeb pracodawc\u00f3w;<br \/>*zdoby\u0107 do\u015bwiadczenie zawodowe;<br \/>*znale\u017a\u0107 korzystne zatrudnienie.<\/p>\n<p><!-- \/wp:paragraph --><!-- wp:paragraph --><\/p>\n<p><strong>W ramach przedmiotowego projektu przewidziano nast\u0119puj\u0105ce zadania:<\/strong><\/p>\n<p><!-- \/wp:paragraph --><!-- wp:list {\"ordered\":true} --><\/p>\n<ol class=\"wp-block-list\">\n<li style=\"list-style-type: none;\">\n<ol class=\"wp-block-list\"><!-- wp:list-item --><\/ol>\n<\/li>\n<\/ol>\n<ol class=\"wp-block-list\">\n<li style=\"list-style-type: none;\">\n<ol class=\"wp-block-list\">\n<li>Diagnoza sytuacji problemowej i opracowanie Indywidualnej \u015acie\u017cki Reintegracji<\/li>\n<\/ol>\n<\/li>\n<\/ol>\n<p><!-- \/wp:list-item --><!-- wp:list-item --><\/p>\n<ol class=\"wp-block-list\">\n<li style=\"list-style-type: none;\">\n<ol class=\"wp-block-list\">\n<li>Grupowe treningi kompetencji spo\u0142ecznych.<\/li>\n<\/ol>\n<\/li>\n<\/ol>\n<p><!-- \/wp:list-item --><!-- wp:list-item --><\/p>\n<ol class=\"wp-block-list\">\n<li style=\"list-style-type: none;\">\n<ol class=\"wp-block-list\">\n<li>Szkolenia podnosz\u0105ce kompetencje cyfrowe.<\/li>\n<\/ol>\n<\/li>\n<\/ol>\n<p><!-- \/wp:list-item --><!-- wp:list-item --><\/p>\n<ol class=\"wp-block-list\">\n<li style=\"list-style-type: none;\">\n<ol class=\"wp-block-list\">\n<li>Indywidualne poradnictwo psychologiczne.<\/li>\n<\/ol>\n<\/li>\n<\/ol>\n<p><!-- \/wp:list-item --><!-- wp:list-item --><\/p>\n<ol class=\"wp-block-list\">\n<li style=\"list-style-type: none;\">\n<ol class=\"wp-block-list\">\n<li>Indywidualne poradnictwo prawne i obywatelskie.<\/li>\n<\/ol>\n<\/li>\n<\/ol>\n<p><!-- \/wp:list-item --><!-- wp:list-item --><\/p>\n<ol class=\"wp-block-list\">\n<li style=\"list-style-type: none;\">\n<ol class=\"wp-block-list\">\n<li>Indywidualny jobcoaching.<\/li>\n<\/ol>\n<\/li>\n<\/ol>\n<p><!-- \/wp:list-item --><!-- wp:list-item --><\/p>\n<ol class=\"wp-block-list\">\n<li style=\"list-style-type: none;\">\n<ol class=\"wp-block-list\">\n<li>Szkolenia zawodowe.<\/li>\n<\/ol>\n<\/li>\n<\/ol>\n<p><!-- \/wp:list-item --><!-- wp:list-item --><\/p>\n<ol class=\"wp-block-list\">\n<li style=\"list-style-type: none;\">\n<ol class=\"wp-block-list\">\n<li>Sta\u017ce.<\/li>\n<\/ol>\n<\/li>\n<\/ol>\n<p><!-- \/wp:list-item --><!-- wp:list-item --><\/p>\n<ol class=\"wp-block-list\">\n<li style=\"list-style-type: none;\">\n<ol class=\"wp-block-list\">\n<li>Indywidualne po\u015brednictwo pracy.<\/li>\n<\/ol>\n<\/li>\n<\/ol>\n<p><!-- \/wp:list-item --><\/p>\n<p><!-- \/wp:list --><!-- wp:paragraph --><\/p>\n<p><strong>Dodatkowo dla uczestnika oferujemy:<\/strong><\/p>\n<p><!-- \/wp:paragraph --><!-- wp:list --><\/p>\n<ul class=\"wp-block-list\">\n<li style=\"list-style-type: none;\">\n<ul class=\"wp-block-list\"><!-- wp:list-item --><\/ul>\n<\/li>\n<\/ul>\n<ul class=\"wp-block-list\">\n<li style=\"list-style-type: none;\">\n<ul class=\"wp-block-list\">\n<li>Zwrot koszt\u00f3w dojazdu<\/li>\n<\/ul>\n<\/li>\n<\/ul>\n<p><!-- \/wp:list-item --><!-- wp:list-item --><\/p>\n<ul class=\"wp-block-list\">\n<li style=\"list-style-type: none;\">\n<ul class=\"wp-block-list\">\n<li>Zwrot koszt\u00f3w opieki nad dzieckiem\/osob\u0105 zale\u017cn\u0105<\/li>\n<\/ul>\n<\/li>\n<\/ul>\n<p><!-- \/wp:list-item --><!-- wp:list-item --><\/p>\n<ul class=\"wp-block-list\">\n<li style=\"list-style-type: none;\">\n<ul class=\"wp-block-list\">\n<li>Catering<\/li>\n<\/ul>\n<\/li>\n<\/ul>\n<p><!-- \/wp:list-item --><!-- wp:list-item --><\/p>\n<ul class=\"wp-block-list\">\n<li style=\"list-style-type: none;\">\n<ul class=\"wp-block-list\">\n<li>Materia\u0142y szkoleniowe<\/li>\n<\/ul>\n<\/li>\n<\/ul>\n<p><!-- \/wp:list-item --><!-- wp:list-item --><\/p>\n<ul class=\"wp-block-list\">\n<li style=\"list-style-type: none;\">\n<ul class=\"wp-block-list\">\n<li>Badania lekarskie<\/li>\n<\/ul>\n<\/li>\n<\/ul>\n<p><!-- \/wp:list-item --><!-- wp:list-item --><\/p>\n<ul class=\"wp-block-list\">\n<li style=\"list-style-type: none;\">\n<ul class=\"wp-block-list\">\n<li>Ubezpieczenie NNW<\/li>\n<\/ul>\n<\/li>\n<\/ul>\n<p><!-- \/wp:list-item --><\/p>\n<p><!-- \/wp:list --><!-- wp:paragraph --><\/p>\n<p><strong>Wska\u017aniki produktu:<\/strong><\/p>\n<p><!-- \/wp:paragraph --><!-- wp:list --><\/p>\n<ul class=\"wp-block-list\">\n<li style=\"list-style-type: none;\">\n<ul class=\"wp-block-list\"><!-- wp:list-item --><\/ul>\n<\/li>\n<\/ul>\n<ul class=\"wp-block-list\">\n<li style=\"list-style-type: none;\">\n<ul class=\"wp-block-list\">\n<li>Liczba os\u00f3b bezrobotnych, w tym d\u0142ugotrwale bezrobotnych, obj\u0119tych wsparciem w programie:\u00a0<strong>76 [46K, 30M]<\/strong><\/li>\n<\/ul>\n<\/li>\n<\/ul>\n<p><!-- \/wp:list-item --><!-- wp:list-item --><\/p>\n<ul class=\"wp-block-list\">\n<li style=\"list-style-type: none;\">\n<ul class=\"wp-block-list\">\n<li>Liczba os\u00f3b biernych zawodowo obj\u0119tych wsparciem w programie:\u00a0<strong>116 [70K, 46M]<\/strong><\/li>\n<\/ul>\n<\/li>\n<\/ul>\n<p><!-- \/wp:list-item --><!-- wp:list-item --><\/p>\n<ul class=\"wp-block-list\">\n<li style=\"list-style-type: none;\">\n<ul class=\"wp-block-list\">\n<li>Liczba os\u00f3b d\u0142ugotrwale bezrobotnych obj\u0119tych wsparciem:\u00a0<strong>16 [10K, 6M]<\/strong><\/li>\n<\/ul>\n<\/li>\n<\/ul>\n<p><!-- \/wp:list-item --><!-- wp:list-item --><\/p>\n<ul class=\"wp-block-list\">\n<li style=\"list-style-type: none;\">\n<ul class=\"wp-block-list\">\n<li>Liczba os\u00f3b z niepe\u0142nosprawno\u015bciami obj\u0119tych wsparciem w programie: \u00a0<strong>20 [12K, 8M]<\/strong><\/li>\n<\/ul>\n<\/li>\n<\/ul>\n<p><!-- \/wp:list-item --><\/p>\n<p><!-- \/wp:list --><!-- wp:paragraph --><\/p>\n<p><strong>Wska\u017aniki specyficzne dla projektu:<\/strong><\/p>\n<p><!-- \/wp:paragraph --><!-- wp:list --><\/p>\n<ul class=\"wp-block-list\">\n<li style=\"list-style-type: none;\">\n<ul class=\"wp-block-list\"><!-- wp:list-item --><\/ul>\n<\/li>\n<\/ul>\n<ul class=\"wp-block-list\">\n<li style=\"list-style-type: none;\">\n<ul class=\"wp-block-list\">\n<li>Liczba os\u00f3b dla kt\u00f3rych sporz\u0105dzono plan wsparcia w projekcie: <strong>192 [116K, 76M]<\/strong><\/li>\n<\/ul>\n<\/li>\n<\/ul>\n<p><!-- \/wp:list-item --><!-- wp:list-item --><\/p>\n<ul class=\"wp-block-list\">\n<li style=\"list-style-type: none;\">\n<ul class=\"wp-block-list\">\n<li>Liczba os\u00f3b obj\u0119tych wsparciem w projekcie:<strong> 192 [116K, 76M]<\/strong><\/li>\n<\/ul>\n<\/li>\n<\/ul>\n<p><!-- \/wp:list-item --><\/p>\n<p><!-- \/wp:list --><!-- wp:paragraph --><\/p>\n<p><strong>Wska\u017aniki rezultatu:<\/strong><\/p>\n<p><!-- \/wp:paragraph --><!-- wp:list --><\/p>\n<ul class=\"wp-block-list\">\n<li style=\"list-style-type: none;\">\n<ul class=\"wp-block-list\"><!-- wp:list-item --><\/ul>\n<\/li>\n<\/ul>\n<ul class=\"wp-block-list\">\n<li style=\"list-style-type: none;\">\n<ul class=\"wp-block-list\">\n<li>Liczba os\u00f3b, kt\u00f3re uzyska\u0142y kwalifikacje po opuszczeniu programu:\u00a0<strong>182 [109K, 73M]<\/strong><\/li>\n<\/ul>\n<\/li>\n<\/ul>\n<p><!-- \/wp:list-item --><!-- wp:list-item --><\/p>\n<ul class=\"wp-block-list\">\n<li style=\"list-style-type: none;\">\n<ul class=\"wp-block-list\">\n<li>Liczba os\u00f3b, kt\u00f3rych sytuacja spo\u0142eczna uleg\u0142a poprawie po opuszczeniu programu: <strong>182 [109K, 73M]<\/strong><\/li>\n<\/ul>\n<\/li>\n<\/ul>\n<p><!-- \/wp:list-item --><!-- wp:list-item --><\/p>\n<ul class=\"wp-block-list\">\n<li style=\"list-style-type: none;\">\n<ul class=\"wp-block-list\">\n<li>Liczba os\u00f3b poszukuj\u0105cych pracy po opuszczeniu programu: <strong>58 [35K, 23M]<\/strong><\/li>\n<\/ul>\n<\/li>\n<\/ul>\n<p><!-- \/wp:list-item --><!-- wp:list-item --><\/p>\n<ul class=\"wp-block-list\">\n<li style=\"list-style-type: none;\">\n<ul class=\"wp-block-list\">\n<li>Liczba os\u00f3b pracuj\u0105cych, \u0142\u0105cznie z prowadz\u0105cymi dzia\u0142alno\u015b\u0107 na w\u0142asny rachunek, po opuszczeniu programu:\u00a0<strong>48 [28K, 20M]<\/strong><\/li>\n<\/ul>\n<\/li>\n<\/ul>\n<p><!-- \/wp:list-item --><\/p>\n<p><!-- \/wp:list --><!-- wp:paragraph --><\/p>\n<p><strong>Zapoznaj si\u0119 z dokumentami dotycz\u0105cymi zasad r\u00f3wno\u015bciowych<\/strong><\/p>\n<p><!-- \/wp:paragraph --><!-- wp:list --><\/p>\n<ul class=\"wp-block-list\">\n<li style=\"list-style-type: none;\">\n<ul class=\"wp-block-list\"><!-- wp:list-item --><\/ul>\n<\/li>\n<\/ul>\n<ul class=\"wp-block-list\">\n<li style=\"list-style-type: none;\">\n<ul class=\"wp-block-list\">\n<li><a href=\"http:\/\/www.funduszeeuropejskie.gov.pl\/strony\/o-funduszach\/fundusze-na-lata-2021-2027\/prawo-i-dokumenty\/wytyczne\/wytyczne-dotyczace-realizacji-zasad-rownosciowych-w-ramach-funduszy-unijnych-na-lata-2021-2027\/\">Wytyczne dotycz\u0105ce realizacji zasad r\u00f3wno\u015bciowych w ramach funduszy unijnych na lata 2021-2027<\/a><\/li>\n<\/ul>\n<\/li>\n<\/ul>\n<p><!-- \/wp:list-item --><!-- wp:list-item --><\/p>\n<ul class=\"wp-block-list\">\n<li style=\"list-style-type: none;\">\n<ul class=\"wp-block-list\">\n<li><a href=\"https:\/\/www.gov.pl\/web\/dyplomacja\/prawa-czlowieka-w-unii-europejskiej\">Prawa cz\u0142owieka w Unii Europejskiej i Karta Praw Podstawowych UE<\/a><\/li>\n<\/ul>\n<\/li>\n<\/ul>\n<p><!-- \/wp:list-item --><!-- wp:list-item --><\/p>\n<ul class=\"wp-block-list\">\n<li style=\"list-style-type: none;\">\n<ul class=\"wp-block-list\">\n<li><a href=\"https:\/\/www.gov.pl\/web\/rodzina\/konwencja-o-prawach-osob-niepelnosprawnych\">Konwencja o prawach os\u00f3b niepe\u0142nosprawnych<\/a><\/li>\n<\/ul>\n<\/li>\n<\/ul>\n<p><!-- \/wp:list-item --><!-- wp:list-item --><\/p>\n<ul class=\"wp-block-list\">\n<li style=\"list-style-type: none;\">\n<ul class=\"wp-block-list\">\n<li><a href=\"http:\/\/www.funduszeeuropejskie.gov.pl\/strony\/o-funduszach\/fundusze-europejskie-bez-barier\/dostepnosc-plus\/ustawa-o-dostepnosci\/\">Ustawa o zapewnianiu dost\u0119pno\u015bci osobom ze szczeg\u00f3lnymi potrzebami<\/a><\/li>\n<\/ul>\n<\/li>\n<\/ul>\n<p><!-- \/wp:list-item --><\/p>\n<p><!-- \/wp:list --><!-- wp:paragraph --><\/p>\n<p>Uczestnicy\/czki projektu maj\u0105 mo\u017cliwo\u015b\u0107 skorzystania z us\u0142ug dost\u0119powych takich jak: t\u0142umacz j\u0119zyka migowego, asystent osoby z niepe\u0142nosprawno\u015bci\u0105, materia\u0142y szkoleniowe w formie dost\u0119pnej (np. elektronicznej z mo\u017cliwo\u015bci\u0105 powi\u0119kszenia druku lub odwr\u00f3cenia kontrastu).<br \/><br \/>Biuro projektu\/miejsca rekrutacji dostosowane s\u0105 do os\u00f3b z niepe\u0142nosprawno\u015bciami tj. szeroko\u015b\u0107 drzwi \u2013 90 cm, mo\u017cliwo\u015b\u0107 pokonania schod\u00f3w (winda, itp.), dost\u0119pno\u015b\u0107 t\u0142umaczenia na j\u0119zyk migowy, mo\u017cliwo\u015b\u0107 korzystania z p\u0119tli indukcyjnej, itp.<\/p>\n<p><!-- \/wp:paragraph --><!-- wp:paragraph --><\/p>\n<p>Uczestnicy\/czki projektu maj\u0105 mo\u017cliwo\u015b\u0107 zg\u0142oszenia do Instytucji Po\u015brednicz\u0105cej podejrze\u0144 o niezgodno\u015b\u0107 projektu lub dzia\u0142a\u0144 Beneficjenta z Konwencj\u0105 o prawach os\u00f3b niepe\u0142nosprawnych sporz\u0105dzon\u0105 w Nowym Jorku dnia 13 grudnia 2006 r. oraz Kart\u0105 Praw Podstawowych Unii Europejskiej z dnia 26 pa\u017adziernika 2012 r.<\/p>\n<p><!-- \/wp:paragraph --><!-- wp:paragraph --><\/p>\n<p>Warto\u015b\u0107 projektu:\u00a0<b>4\u00a0463\u00a0935,96 PLN<br \/><\/b>Wysoko\u015b\u0107 wk\u0142adu w\u0142asnego:\u00a0<b>223\u00a0196,80 PLN<br \/><\/b>Dofinansowanie z projektu z UE:\u00a0<b>3\u00a0124\u00a0755,17 PLN<br \/><\/b>Okres realizacji:\u00a0<strong>01.11.2025 r. \u2013 31.08.2028 r.<\/strong><\/p>\n<p><!-- \/wp:paragraph --><!-- wp:paragraph --><\/p>\n<p>Projekt jest dofinansowany przez Uni\u0119 Europejsk\u0105 z Europejskiego Funduszu Spo\u0142ecznego Plus w\u00a0ramach programu regionalnego Fundusze Europejskie dla Wielkopolski 2021-2027.<\/p>\n<p><!-- \/wp:paragraph --><!-- wp:paragraph --><\/p>\n<p>Biuro Projektu:<br \/><strong>Ko\u0142obrzeska 8A\/U2,<br \/><\/strong><strong>64-920 Pi\u0142a<\/strong><\/p>\n<p><!-- \/wp:paragraph --><!-- wp:paragraph --><\/p>\n<p>Zapraszamy do kontaktu:<br \/>Telefon:\u00a0735\u00a0255 574<br \/>e-mail<strong>: <\/strong>stowarzyszeniegreenhouse@gmail.com<\/p>\n<p><!-- \/wp:paragraph --><\/p>\t\t\t\t\t\t\t\t<\/div>\n\t\t\t\t\t<\/div>\n\t\t\t\t<\/div>\n\t\t\t\t<\/div>\n\t\t","protected":false},"excerpt":{"rendered":"<p>Wi\u0119cej informacje na temat Projektu oraz aktualno\u015bci wraz z za\u0142\u0105cznikami po klikni\u0119ciu w przycisk \u2193 Przejdz na stron\u0119 Beneficjenta Stowarzyszenie Green House wraz z Partnerem Projektu EURO PROJEKT DANIEL PERLI\u0143SKI z przyjemno\u015bci\u0105 informuj\u0105, \u017ce rozpocz\u0105\u0142 si\u0119 nab\u00f3r do nowego Projektu pn.: \u201eOtw\u00f3rz drzwi do kariery\u201d, nr: FEWP.06.10-IP.01-0069\/25. Informacje o projekcie: Tytu\u0142 projektu:\u00a0\u201eOtw\u00f3rz drzwi do kariery\u201d,Projekt realizowany jest w ramach programu Fundusze Europejskie dla Wielkopolski 2021-2027.Priorytet 6:\u00a0Fundusze europejskie dla Wielkopolski o silniejszym wymiarze spo\u0142ecznym (EFS+)Dzia\u0142anie 6.10:\u00a0Aktywna integracja Projekt skierowany jest 192 [116K\/76M] os\u00f3b doros\u0142ych, zagro\u017conych ub\u00f3stwem lub wykluczeniem spo\u0142ecznym, bez pracy: 116 [ 70K\/46M] biernych zawodowo i 76 [46K\/30M] bezrobotnych, w tym minimum 20 [12K\/18M] os\u00f3b z niepe\u0142nosprawno\u015bciami, zamieszkuj\u0105cych w rozumieniu Kodeksu Cywilnego w wojew\u00f3dztwie wielkopolskim. G\u0142\u00f3wnymi celem projektu jest zwi\u0119kszenie zdolno\u015bci do zatrudnienia i aktywnego udzia\u0142u w \u017cyciu spo\u0142eczno-zawodowym 192 os\u00f3b doros\u0142ych, zagro\u017conych ub\u00f3stwem\/ wykluczeniem spo\u0142ecznym, pozostaj\u0105cych bez pracy, zamieszkuj\u0105cych wed\u0142ug Kodeksu Cywilnego w Wielkopolsce poprzez realizacj\u0119 zindywidualizowanego i kompleksowego wsparcia aktywizacji spo\u0142eczno-zawodowej. Realizowane w ramach projektu wsparcie pozwoli Uczestnikom\/czk\u0105:*rozwi\u0105za\u0107 problemy utrudniaj\u0105ce lub uniemo\u017cliwiaj\u0105ce aktywny udzia\u0142 w \u017cyciu spo\u0142ecznym i podj\u0119cie pracy;*naby\u0107\/dostosowa\u0107 posiadane kompetencje\/kwalifikacje do potrzeb pracodawc\u00f3w;*zdoby\u0107 do\u015bwiadczenie zawodowe;*znale\u017a\u0107 korzystne zatrudnienie. W ramach przedmiotowego projektu przewidziano nast\u0119puj\u0105ce zadania: Diagnoza sytuacji problemowej i opracowanie Indywidualnej \u015acie\u017cki Reintegracji Grupowe treningi kompetencji spo\u0142ecznych. Szkolenia podnosz\u0105ce kompetencje cyfrowe. Indywidualne poradnictwo psychologiczne. Indywidualne poradnictwo prawne i obywatelskie. Indywidualny jobcoaching. Szkolenia zawodowe. Sta\u017ce. Indywidualne po\u015brednictwo pracy. Dodatkowo dla uczestnika oferujemy: Zwrot koszt\u00f3w dojazdu Zwrot koszt\u00f3w opieki nad dzieckiem\/osob\u0105 zale\u017cn\u0105 Catering Materia\u0142y szkoleniowe Badania lekarskie Ubezpieczenie NNW Wska\u017aniki produktu: Liczba os\u00f3b bezrobotnych, w tym d\u0142ugotrwale bezrobotnych, obj\u0119tych wsparciem w programie:\u00a076 [46K, 30M] Liczba os\u00f3b biernych zawodowo obj\u0119tych wsparciem w programie:\u00a0116 [70K, 46M] Liczba os\u00f3b d\u0142ugotrwale bezrobotnych obj\u0119tych wsparciem:\u00a016 [10K, 6M] Liczba os\u00f3b z niepe\u0142nosprawno\u015bciami obj\u0119tych wsparciem w programie: \u00a020 [12K, 8M] Wska\u017aniki specyficzne dla projektu: Liczba os\u00f3b dla kt\u00f3rych sporz\u0105dzono plan wsparcia w projekcie: 192 [116K, 76M] Liczba os\u00f3b obj\u0119tych wsparciem w projekcie: 192 [116K, 76M] Wska\u017aniki rezultatu: Liczba os\u00f3b, kt\u00f3re uzyska\u0142y kwalifikacje po opuszczeniu programu:\u00a0182 [109K, 73M] Liczba os\u00f3b, kt\u00f3rych sytuacja spo\u0142eczna uleg\u0142a poprawie po opuszczeniu programu: 182 [109K, 73M] Liczba os\u00f3b poszukuj\u0105cych pracy po opuszczeniu programu: 58 [35K, 23M] Liczba os\u00f3b pracuj\u0105cych, \u0142\u0105cznie z prowadz\u0105cymi dzia\u0142alno\u015b\u0107 na w\u0142asny rachunek, po opuszczeniu programu:\u00a048 [28K, 20M] Zapoznaj si\u0119 z dokumentami dotycz\u0105cymi zasad r\u00f3wno\u015bciowych Wytyczne dotycz\u0105ce realizacji zasad r\u00f3wno\u015bciowych w ramach funduszy unijnych na lata 2021-2027 Prawa cz\u0142owieka w Unii Europejskiej i Karta Praw Podstawowych UE Konwencja o prawach os\u00f3b niepe\u0142nosprawnych Ustawa o zapewnianiu dost\u0119pno\u015bci osobom ze szczeg\u00f3lnymi potrzebami Uczestnicy\/czki projektu maj\u0105 mo\u017cliwo\u015b\u0107 skorzystania z us\u0142ug dost\u0119powych takich jak: t\u0142umacz j\u0119zyka migowego, asystent osoby z niepe\u0142nosprawno\u015bci\u0105, materia\u0142y szkoleniowe w formie dost\u0119pnej (np. elektronicznej z mo\u017cliwo\u015bci\u0105 powi\u0119kszenia druku lub odwr\u00f3cenia kontrastu). Biuro projektu\/miejsca rekrutacji dostosowane s\u0105 do os\u00f3b z niepe\u0142nosprawno\u015bciami tj. szeroko\u015b\u0107 drzwi \u2013 90 cm, mo\u017cliwo\u015b\u0107 pokonania schod\u00f3w (winda, itp.), dost\u0119pno\u015b\u0107 t\u0142umaczenia na j\u0119zyk migowy, mo\u017cliwo\u015b\u0107 korzystania z p\u0119tli indukcyjnej, itp. Uczestnicy\/czki projektu maj\u0105 mo\u017cliwo\u015b\u0107 zg\u0142oszenia do Instytucji Po\u015brednicz\u0105cej podejrze\u0144 o niezgodno\u015b\u0107 projektu lub dzia\u0142a\u0144 Beneficjenta z Konwencj\u0105 o prawach os\u00f3b niepe\u0142nosprawnych sporz\u0105dzon\u0105 w Nowym Jorku dnia 13 grudnia 2006 r. oraz Kart\u0105 Praw Podstawowych Unii Europejskiej z dnia 26 pa\u017adziernika 2012 r. Warto\u015b\u0107 projektu:\u00a04\u00a0463\u00a0935,96 PLNWysoko\u015b\u0107 wk\u0142adu w\u0142asnego:\u00a0223\u00a0196,80 PLNDofinansowanie z projektu z UE:\u00a03\u00a0124\u00a0755,17 PLNOkres realizacji:\u00a001.11.2025 r. \u2013 31.08.2028 r. Projekt jest dofinansowany przez Uni\u0119 Europejsk\u0105 z Europejskiego Funduszu Spo\u0142ecznego Plus w\u00a0ramach programu regionalnego Fundusze Europejskie dla Wielkopolski 2021-2027. Biuro Projektu:Ko\u0142obrzeska 8A\/U2,64-920 Pi\u0142a Zapraszamy do kontaktu:Telefon:\u00a0735\u00a0255 574e-mail: stowarzyszeniegreenhouse@gmail.com<\/p>\n","protected":false},"author":1,"featured_media":0,"parent":0,"menu_order":0,"comment_status":"closed","ping_status":"closed","template":"","meta":{"_kad_post_transparent":"","_kad_post_title":"","_kad_post_layout":"","_kad_post_sidebar_id":"","_kad_post_content_style":"","_kad_post_vertical_padding":"","_kad_post_feature":"","_kad_post_feature_position":"","_kad_post_header":false,"_kad_post_footer":false,"_kad_post_classname":"","footnotes":""},"class_list":["post-198","page","type-page","status-publish","hentry"],"_links":{"self":[{"href":"https:\/\/europrojekt.org.pl\/index.php?rest_route=\/wp\/v2\/pages\/198","targetHints":{"allow":["GET"]}}],"collection":[{"href":"https:\/\/europrojekt.org.pl\/index.php?rest_route=\/wp\/v2\/pages"}],"about":[{"href":"https:\/\/europrojekt.org.pl\/index.php?rest_route=\/wp\/v2\/types\/page"}],"author":[{"embeddable":true,"href":"https:\/\/europrojekt.org.pl\/index.php?rest_route=\/wp\/v2\/users\/1"}],"replies":[{"embeddable":true,"href":"https:\/\/europrojekt.org.pl\/index.php?rest_route=%2Fwp%2Fv2%2Fcomments&post=198"}],"version-history":[{"count":12,"href":"https:\/\/europrojekt.org.pl\/index.php?rest_route=\/wp\/v2\/pages\/198\/revisions"}],"predecessor-version":[{"id":248,"href":"https:\/\/europrojekt.org.pl\/index.php?rest_route=\/wp\/v2\/pages\/198\/revisions\/248"}],"wp:attachment":[{"href":"https:\/\/europrojekt.org.pl\/index.php?rest_route=%2Fwp%2Fv2%2Fmedia&parent=198"}],"curies":[{"name":"wp","href":"https:\/\/api.w.org\/{rel}","templated":true}]}}